{"id":26167,"date":"2024-01-04T08:52:33","date_gmt":"2024-01-04T07:52:33","guid":{"rendered":"https:\/\/staging.catalunyaturisme.cat\/legal\/"},"modified":"2024-01-04T08:54:34","modified_gmt":"2024-01-04T07:54:34","slug":"legal","status":"publish","type":"page","link":"https:\/\/staging.catalunyaturisme.cat\/es\/legal\/","title":{"rendered":"Legal"},"content":{"rendered":"<div style='text-align:left' class='yasr-auto-insert-visitor'><\/div><h2><span style=\"font-size: 14pt;\">Av\u00eds Legal<\/span><\/h2>\n<p><span style=\"font-size: 10pt;\">La utilitzaci\u00f3 del lloc web de Guia Digital de Catalunya SL implica l&#8217;acceptaci\u00f3 plena i sense reserves de totes i cadascuna de les disposicions incloses en aquest Av\u00eds Legal. En conseq\u00fc\u00e8ncia, l&#8217;usuari del lloc web ha de llegir atentament aquest Av\u00eds Legal en cadascuna de les ocasions en qu\u00e8 es proposi utilitzar el lloc, ja que el text podria patir modificacions a discreci\u00f3 del titular del lloc web, o a causa d&#8217;un canvi legislatiu, jurisprudencial o en la pr\u00e0ctica empresarial.<\/span><\/p>\n<p><span style=\"font-size: 10pt;\"><strong>Dades del Titular<\/strong><\/span><\/p>\n<p><span style=\"font-size: 10pt;\">Guia Digital de Catalunya SL<\/span><br \/>\n<span style=\"font-size: 10pt;\">NIF: B-12345678<\/span><br \/>\n<span style=\"font-size: 10pt;\">Domicili: Passeig de Gr\u00e0cia 95 5\u00ba 1\u00aa &#8211; 08008 &#8211; Barcelona<\/span><br \/>\n<span style=\"font-size: 10pt;\">Email: <a target=\"_new\" rel=\"noopener\">info@staging.catalunyaturisme.cat<\/a><\/span><\/p>\n<p><span style=\"font-size: 10pt;\"><strong>Drets de Propietat Intel\u00b7lectual i Industrial<\/strong><\/span><\/p>\n<p><span style=\"font-size: 10pt;\">Tots els continguts del lloc web, incloent a t\u00edtol enunciatiu, per\u00f2 no limitat, a textos, fotografies, gr\u00e0fics, imatges, icones, tecnologia, programari, enlla\u00e7os i altres continguts \u00e0udiovisuals o sonors, aix\u00ed com el seu disseny gr\u00e0fic i codis font, s\u00f3n propietat intel\u00b7lectual de Guia Digital de Catalunya SL, sense que puguin entendre&#8217;s cedits a l&#8217;usuari cap dels drets d&#8217;explotaci\u00f3 sobre els mateixos m\u00e9s enll\u00e0 del necessari per al correcte \u00fas del lloc web.<\/span><\/p>\n<p><span style=\"font-size: 10pt;\"><strong>Condicions d&#8217;\u00das del Lloc Web<\/strong><\/span><\/p>\n<ul>\n<li><span style=\"font-size: 10pt;\">A. General L&#8217;usuari es compromet a fer un \u00fas correcte del lloc web de conformitat amb les lleis i aquest av\u00eds legal. L&#8217;usuari respondr\u00e0 davant Guia Digital de Catalunya SL o davant tercers, de qualsevol dany o perjudici que pogu\u00e9s causar-se com a conseq\u00fc\u00e8ncia de l&#8217;incompliment d&#8217;aquesta obligaci\u00f3.<\/span><\/li>\n<li><span style=\"font-size: 10pt;\">B. Continguts L&#8217;usuari es compromet a utilitzar els continguts d&#8217;acord amb la Llei i aquest Av\u00eds Legal, aix\u00ed com amb les altres condicions, reglaments i instruccions que en cas de ser aplicables segons el que es disposa en la cl\u00e0usula 1.<\/span><\/li>\n<li><span style=\"font-size: 10pt;\">C. Dades Recollides a trav\u00e9s dels Formularis Els formularis que recullen dades de car\u00e0cter personal que es recullen a trav\u00e9s d&#8217;aquest lloc web i les conseq\u00fc\u00e8ncies de no facilitar-les.<\/span><\/li>\n<\/ul>\n<p><span style=\"font-size: 10pt;\"><strong>Exclusi\u00f3 de Responsabilitat<\/strong><\/span><\/p>\n<p><span style=\"font-size: 10pt;\">Guia Digital de Catalunya SL no es responsabilitza dels danys i perjudicis de tota naturalesa que puguin degut a la falta de precisi\u00f3, exhaustivitat, actualitat, aix\u00ed com a errors o omissions que poguessin patir les informacions i serveis continguts en aquest lloc web. Igualment, no garanteix la disponibilitat, continu\u00eftat ni la infal\u00b7libilitat del funcionament del lloc web, i en conseq\u00fc\u00e8ncia, exclou, en la m\u00e0xima mesura permesa per la legislaci\u00f3 vigent, qualsevol responsabilitat pels danys i perjudicis de tota naturalesa que puguin degut a la falta de disponibilitat o de continu\u00eftat del funcionament del lloc web i dels serveis habilitats en el mateix, aix\u00ed com als errors en l&#8217;acc\u00e9s a les diferents p\u00e0gines web o a aquelles des d&#8217;on, en el seu cas, es prestin aquests serveis.<\/span><\/p>\n<h2><span style=\"font-size: 14pt;\">Pol\u00edtica de Privacitat<\/span><\/h2>\n<p><span style=\"font-size: 10pt;\">Guia Digital de Catalunya SL \u00e9s una empresa en la qual la transpar\u00e8ncia en la informaci\u00f3 \u00e9s fonamental per establir una relaci\u00f3 de confian\u00e7a amb les persones que formen part del nostre projecte i amb els nostres prove\u00efdors i clients, sent la protecci\u00f3 de les dades personals de les persones que confien en nosaltres de vital import\u00e0ncia. Per aix\u00f2, volem mitjan\u00e7ant aquesta Pol\u00edtica de privacitat i protecci\u00f3 de dades personals informar-te de com recollim i com tractem o utilitzem aquestes dades.<\/span><\/p>\n<p><span style=\"font-size: 10pt;\">En aquesta pol\u00edtica de privacitat i protecci\u00f3 de dades personals s&#8217;estableixen les bases sobre les quals Guia Digital de Catalunya SL, amb domicili en Passeig de Gr\u00e0cia 95 5\u00ba 1\u00aa &#8211; 08008 &#8211; Barcelona, tracta les dades de car\u00e0cter personal que volunt\u00e0riament ens faciliten els nostres usuaris a trav\u00e9s de la p\u00e0gina web.<\/span><\/p>\n<p><span style=\"font-size: 10pt;\">Aquesta Pol\u00edtica sempre ser\u00e0 aplicable quan es facilitin dades a Guia Digital de Catalunya SL, el qual ser\u00e0 responsable de les seves dades (responsable del Tractament de les Dades) i a trav\u00e9s de qualsevol dels formularis de contacte o subscripci\u00f3 on es recopilin dades de car\u00e0cter personal (nom, email, etc.).<\/span><\/p>\n<p><span style=\"font-size: 10pt;\"><strong>Compromisos<\/strong><\/span><\/p>\n<ul>\n<li><span style=\"font-size: 10pt;\">A respectar la privacitat dels nostres usuaris i tractar les dades personals amb el consentiment dels mateixos.<\/span><\/li>\n<li><span style=\"font-size: 10pt;\">A tractar les dades personals que estrictament necessitem per donar el servei sol\u00b7licitat i tractar-les de manera segura i confidencial, prenent les mesures necess\u00e0ries per evitar l&#8217;acc\u00e9s no autoritzat i l&#8217;\u00fas indegut d&#8217;aquestes.<\/span><\/li>\n<li><span style=\"font-size: 10pt;\">A no utilitzar les dades personals per a finalitats per a les quals no hem obtingut pr\u00e8viament el consentiment.<\/span><\/li>\n<li><span style=\"font-size: 10pt;\">A no donar les dades personals a tercers ni compartir-les.<\/span><\/li>\n<li><span style=\"font-size: 10pt;\">A conservar les dades personals durant el temps estrictament necessari per a la finalitat concreta per a la qual han estat proporcionades.<\/span><\/li>\n<\/ul>\n<p><span style=\"font-size: 10pt;\"><strong>Exactitud i Veracitat de les Dades<\/strong><\/span><\/p>\n<p><span style=\"font-size: 10pt;\">L&#8217;usuari, en aportar les dades requerides en els formularis, \u00e9s l&#8217;\u00fanic responsable de la veracitat de les dades remeses, garantint i responent de l&#8217;exactitud, vig\u00e8ncia i autenticitat de les dades personals facilitades, comprometent-se a mantenir-les degudament actualitzades.<\/span><\/p>\n<p><span style=\"font-size: 10pt;\"><strong>Drets sobre les Dades Personals Aportades<\/strong><\/span><\/p>\n<p><span style=\"font-size: 10pt;\">Un cop aportades les dades personals, tindr\u00e0 dret a:<\/span><\/p>\n<ul>\n<li><span style=\"font-size: 10pt;\">Consultar qualsevol dubte i a que se li informi de com utilitzem les dades i a obtenir ACC\u00c9S a aquestes.<\/span><\/li>\n<li><span style=\"font-size: 10pt;\">Que se RECTIFIQUI o esborri la seva informaci\u00f3 o a imposar LIMITACIONS en el tractament de la mateixa.<\/span><\/li>\n<li><span style=\"font-size: 10pt;\">CANCEL\u00b7LACI\u00d3 de les dades.<\/span><\/li>\n<li><span style=\"font-size: 10pt;\">OPOSAR-SE al tractament de les seves dades.<\/span><\/li>\n<li><span style=\"font-size: 10pt;\">PORTABILITAT de les dades.<\/span><\/li>\n<\/ul>\n<p><span style=\"font-size: 10pt;\">En qualsevol moment podr\u00e0 exercitar aquests Drets mitjan\u00e7ant un escrit i acreditant la seva personalitat dirigit a Guia Digital de Catalunya SL en Passeig de Gr\u00e0cia 95 5\u00ba 1\u00aa &#8211; 08008 &#8211; Barcelona o a trav\u00e9s de l&#8217;adre\u00e7a de correu electr\u00f2nic: info@staging.catalunyaturisme.cat<\/span><\/p>\n<p><span style=\"font-size: 10pt;\">A m\u00e9s, podr\u00e0 presentar una reclamaci\u00f3 davant l&#8217;autoritat de control, en aquest cas l&#8217;Ag\u00e8ncia Espanyola de Protecci\u00f3 de Dades, si considera que el tractament de dades personals infringeix la legislaci\u00f3 aplicable.<\/span><\/p>\n<p><span style=\"font-size: 10pt;\"><strong>Seguretat i Emmagatzematge de les Dades<\/strong><\/span><\/p>\n<p><span style=\"font-size: 10pt;\">Mantenim les dades durant el temps estrictament necessari per a la prestaci\u00f3 del servei sol\u00b7licitat i mentre el titular no sol\u00b7liciti la seva eliminaci\u00f3, adoptant les mesures adequades de car\u00e0cter t\u00e8cnic i organitzatiu contra el tractament no autoritzat o il\u00b7l\u00edcit i contra la seva p\u00e8rdua, destrucci\u00f3 o dany accidental, fent tot el possible per protegir-les i mantenir-les de manera segura.<\/span><\/p>\n<p>&nbsp;<\/p>\n","protected":false},"excerpt":{"rendered":"<p>Av\u00eds Legal La utilitzaci\u00f3 del lloc web de Guia Digital de Catalunya SL implica l&#8217;acceptaci\u00f3 plena i sense reserves de totes i cadascuna de les disposicions incloses en aquest Av\u00eds &hellip;<\/p>\n","protected":false},"author":1,"featured_media":0,"parent":0,"menu_order":0,"comment_status":"closed","ping_status":"closed","template":"","meta":{"yasr_overall_rating":0,"yasr_post_is_review":"","yasr_auto_insert_disabled":"","yasr_review_type":"","footnotes":""},"class_list":["post-26167","page","type-page","status-publish","hentry"],"yasr_visitor_votes":{"stars_attributes":{"read_only":false,"span_bottom":false},"number_of_votes":0,"sum_votes":0},"amp_enabled":true,"_links":{"self":[{"href":"https:\/\/staging.catalunyaturisme.cat\/es\/wp-json\/wp\/v2\/pages\/26167","targetHints":{"allow":["GET"]}}],"collection":[{"href":"https:\/\/staging.catalunyaturisme.cat\/es\/wp-json\/wp\/v2\/pages"}],"about":[{"href":"https:\/\/staging.catalunyaturisme.cat\/es\/wp-json\/wp\/v2\/types\/page"}],"author":[{"embeddable":true,"href":"https:\/\/staging.catalunyaturisme.cat\/es\/wp-json\/wp\/v2\/users\/1"}],"replies":[{"embeddable":true,"href":"https:\/\/staging.catalunyaturisme.cat\/es\/wp-json\/wp\/v2\/comments?post=26167"}],"version-history":[{"count":0,"href":"https:\/\/staging.catalunyaturisme.cat\/es\/wp-json\/wp\/v2\/pages\/26167\/revisions"}],"wp:attachment":[{"href":"https:\/\/staging.catalunyaturisme.cat\/es\/wp-json\/wp\/v2\/media?parent=26167"}],"curies":[{"name":"wp","href":"https:\/\/api.w.org\/{rel}","templated":true}]}}